{"id":3853,"date":"2020-03-29T07:22:17","date_gmt":"2020-03-29T07:22:17","guid":{"rendered":"https:\/\/cubaforgroups.com\/faqs\/"},"modified":"2021-08-09T23:48:19","modified_gmt":"2021-08-09T23:48:19","slug":"faqs","status":"publish","type":"page","link":"https:\/\/cubaforgroups.com\/en\/faqs\/","title":{"rendered":"FAQs"},"content":{"rendered":"\t\t<div data-elementor-type=\"wp-page\" data-elementor-id=\"3853\" class=\"elementor elementor-3853 elementor-340\">\n\t\t\t\t\t\t<div class=\"elementor-inner\">\n\t\t\t\t<div class=\"elementor-section-wrap\">\n\t\t\t\t\t\t\t\t\t<section class=\"elementor-section elementor-top-section elementor-element elementor-element-a729944 elementor-section-stretched p50 elementor-section-boxed elementor-section-height-default elementor-section-height-default\" data-id=\"a729944\" data-element_type=\"section\" data-settings=\"{&quot;stretch_section&quot;:&quot;section-stretched&quot;}\">\n\t\t\t\t\t\t<div class=\"elementor-container elementor-column-gap-default\">\n\t\t\t\t\t\t\t<div class=\"elementor-row\">\n\t\t\t\t\t<div class=\"elementor-column elementor-col-100 elementor-top-column elementor-element elementor-element-8995c15\" data-id=\"8995c15\" data-element_type=\"column\">\n\t\t\t<div class=\"elementor-column-wrap elementor-element-populated\">\n\t\t\t\t\t\t\t<div class=\"elementor-widget-wrap\">\n\t\t\t\t\t\t<div class=\"elementor-element elementor-element-8cdad57 elementor-widget elementor-widget-tripo_faq\" data-id=\"8cdad57\" data-element_type=\"widget\" data-widget_type=\"tripo_faq.default\">\n\t\t\t\t<div class=\"elementor-widget-container\">\n\t\t\t\n   \n   \n\t\t\t\t\t\t<div class=\"accrodion-grp\" data-grp-name=\"faq-one-accrodion\">\n\t\t\t\t\t\t                            <div class=\"accrodion active\">\n                                <div class=\"accrodion-title\">\n                                    <h4>\u00bfEl internet est\u00e1 incluido en las tarifas del hotel?<\/h4>\n                                <\/div>\n                                <div class=\"accrodion-content\">\n                                    <div class=\"inner\">\n                                        <p>En Cuba el Internet a\u00fan no est\u00e1 incluido en el costo de todos los hoteles. Solo algunos hoteles 5* tienen incluido el Internet. En el resto, tiene un costo extra.<\/p>\n                                    <\/div><!-- \/.inner -->\n                                <\/div>\n                            <\/div>\n\t\t\t\t\t\t\t                            <div class=\"accrodion \">\n                                <div class=\"accrodion-title\">\n                                    <h4>\u00bfExisten habitaciones triples?<\/h4>\n                                <\/div>\n                                <div class=\"accrodion-content\">\n                                    <div class=\"inner\">\n                                        <p>La mayor\u00eda de los hoteles admiten hasta 3 personas en una habitaci\u00f3n.<\/p>\n                                    <\/div><!-- \/.inner -->\n                                <\/div>\n                            <\/div>\n\t\t\t\t\t\t\t                            <div class=\"accrodion \">\n                                <div class=\"accrodion-title\">\n                                    <h4>\u00bfTienen habitaciones para discapacitados?<\/h4>\n                                <\/div>\n                                <div class=\"accrodion-content\">\n                                    <div class=\"inner\">\n                                        <p>La mayor\u00eda de los hoteles tienen habitaciones para discapacitados.<\/p>\n                                    <\/div><!-- \/.inner -->\n                                <\/div>\n                            <\/div>\n\t\t\t\t\t\t\t                            <div class=\"accrodion \">\n                                <div class=\"accrodion-title\">\n                                    <h4>\u00bfCu\u00e1l es la capacidad m\u00e1xima de los buses?<\/h4>\n                                <\/div>\n                                <div class=\"accrodion-content\">\n                                    <div class=\"inner\">\n                                        <p>Los buses tienen una capacidad m\u00e1xima de 44 personas.<\/p>\n                                    <\/div><!-- \/.inner -->\n                                <\/div>\n                            <\/div>\n\t\t\t\t\t\t\t                            <div class=\"accrodion \">\n                                <div class=\"accrodion-title\">\n                                    <h4>\u00bfComo est\u00e1n equipados los buses?<\/h4>\n                                <\/div>\n                                <div class=\"accrodion-content\">\n                                    <div class=\"inner\">\n                                        <p>Los taxis, microbuses, minibuses y buses tienen AC. En el caso de los minibuses y buses tambi\u00e9n cuentan con micr\u00f3fono.<\/p>\n                                    <\/div><!-- \/.inner -->\n                                <\/div>\n                            <\/div>\n\t\t\t\t\t\t\t                            <div class=\"accrodion \">\n                                <div class=\"accrodion-title\">\n                                    <h4>\u00bfLos autobuses tienen ba\u00f1os?<\/h4>\n                                <\/div>\n                                <div class=\"accrodion-content\">\n                                    <div class=\"inner\">\n                                        <p>La mayor\u00eda de los buses no tienen ba\u00f1o.<\/p>\n                                    <\/div><!-- \/.inner -->\n                                <\/div>\n                            <\/div>\n\t\t\t\t\t\t\t                            <div class=\"accrodion \">\n                                <div class=\"accrodion-title\">\n                                    <h4>\u00bfCuantos autos cl\u00e1sicos se pueden organizar al un\u00edsono? <\/h4>\n                                <\/div>\n                                <div class=\"accrodion-content\">\n                                    <div class=\"inner\">\n                                        <p>Podemos garantizar hasta 100 autos cl\u00e1sicos para un mismo servicio.<\/p>\n                                    <\/div><!-- \/.inner -->\n                                <\/div>\n                            <\/div>\n\t\t\t\t\t\t\t                            <div class=\"accrodion \">\n                                <div class=\"accrodion-title\">\n                                    <h4>\u00bfLos autos cl\u00e1sicos son todos descapotables? <\/h4>\n                                <\/div>\n                                <div class=\"accrodion-content\">\n                                    <div class=\"inner\">\n                                        <p>Tenemos autos cl\u00e1sicos descapotables y con techo duro.<\/p>\n                                    <\/div><!-- \/.inner -->\n                                <\/div>\n                            <\/div>\n\t\t\t\t\t\t\t                            <div class=\"accrodion \">\n                                <div class=\"accrodion-title\">\n                                    <h4>\u00bfLos autos cl\u00e1sicos se pueden coordinar en todo el pa\u00eds? <\/h4>\n                                <\/div>\n                                <div class=\"accrodion-content\">\n                                    <div class=\"inner\">\n                                        <p>Los autos cl\u00e1sicos se pueden coordinar en todo el pa\u00eds, aunque en grandes cantidades solo en La Habana y Varadero.<\/p>\n                                    <\/div><!-- \/.inner -->\n                                <\/div>\n                            <\/div>\n\t\t\t\t\t\t\t                            <div class=\"accrodion \">\n                                <div class=\"accrodion-title\">\n                                    <h4>\u00bfPuedo hacer una excursi\u00f3n en Cocotaxis?<\/h4>\n                                <\/div>\n                                <div class=\"accrodion-content\">\n                                    <div class=\"inner\">\n                                        <p>Los cocotaxis solo pueden circular dentro de La Habana. Si la excursi\u00f3n es en La Habana, se puede organizar en Cocotaxis.<\/p>\n                                    <\/div><!-- \/.inner -->\n                                <\/div>\n                            <\/div>\n\t\t\t\t\t\t\t                            <div class=\"accrodion \">\n                                <div class=\"accrodion-title\">\n                                    <h4>\u00bfLos traslados incluyen servicio de gu\u00eda? <\/h4>\n                                <\/div>\n                                <div class=\"accrodion-content\">\n                                    <div class=\"inner\">\n                                        <p>Pueden incluirlo, previa solicitud.<\/p>\n                                    <\/div><!-- \/.inner -->\n                                <\/div>\n                            <\/div>\n\t\t\t\t\t\t\t                            <div class=\"accrodion \">\n                                <div class=\"accrodion-title\">\n                                    <h4>\u00bfEl servicio de gu\u00eda es solo en espa\u00f1ol? <\/h4>\n                                <\/div>\n                                <div class=\"accrodion-content\">\n                                    <div class=\"inner\">\n                                        <p>No, el servicio de gu\u00eda puede brindarse en otros idiomas, previa coordinaci\u00f3n.<\/p>\n                                    <\/div><!-- \/.inner -->\n                                <\/div>\n                            <\/div>\n\t\t\t\t\t\t\t                            <div class=\"accrodion \">\n                                <div class=\"accrodion-title\">\n                                    <h4>\u00bfPuedo solicitar un gu\u00eda con conocimientos espec\u00edficos de alguna tem\u00e1tica? <\/h4>\n                                <\/div>\n                                <div class=\"accrodion-content\">\n                                    <div class=\"inner\">\n                                        <p>Si. En nuestro equipo de gu\u00edas tenemos gu\u00edas graduados de arquitectura, historia del arte, deporte, medicina. Tambi\u00e9n podemos coordinar gu\u00edas de otros campos, seg\u00fan su solicitud.<\/p>\n                                    <\/div><!-- \/.inner -->\n                                <\/div>\n                            <\/div>\n\t\t\t\t\t\t\t                            <div class=\"accrodion \">\n                                <div class=\"accrodion-title\">\n                                    <h4>\u00bfSe debe dar propina? <\/h4>\n                                <\/div>\n                                <div class=\"accrodion-content\">\n                                    <div class=\"inner\">\n                                        <p>En Cuba, los profesionales del servicio esperan propina si el servicio otorgado es valorado de bueno. Se debe dar propina a los choferes y gu\u00edas.<\/p>\n                                    <\/div><!-- \/.inner -->\n                                <\/div>\n                            <\/div>\n\t\t\t\t\t\t\t                            <div class=\"accrodion \">\n                                <div class=\"accrodion-title\">\n                                    <h4>\u00bfSe puede hacer fotos durante la excursi\u00f3n? <\/h4>\n                                <\/div>\n                                <div class=\"accrodion-content\">\n                                    <div class=\"inner\">\n                                        <p>Claro que pueden. En algunos sitios, las instalaciones cobran por el uso de la c\u00e1mara o video, en cuyo caso, el cliente debe pagar si lo desea. Este costo no est\u00e1 incluido en la excursi\u00f3n.<\/p>\n                                    <\/div><!-- \/.inner -->\n                                <\/div>\n                            <\/div>\n\t\t\t\t\t\t\t                            <div class=\"accrodion \">\n                                <div class=\"accrodion-title\">\n                                    <h4>\u00bfTienen salones capaces de recibir grupos de 300 pax? <\/h4>\n                                <\/div>\n                                <div class=\"accrodion-content\">\n                                    <div class=\"inner\">\n                                        <p>Tenemos un inventario de salones para eventos en hoteles e instalaciones extra hoteleras a lo largo de todo el pa\u00eds. Contamos con salones para recibir grupos de 300 pax y m\u00e1s.<\/p>\n                                    <\/div><!-- \/.inner -->\n                                <\/div>\n                            <\/div>\n\t\t\t\t\t\t\t                            <div class=\"accrodion \">\n                                <div class=\"accrodion-title\">\n                                    <h4>\u00bfTienen pre-dise\u00f1ados efectos Wow?<\/h4>\n                                <\/div>\n                                <div class=\"accrodion-content\">\n                                    <div class=\"inner\">\n                                        <p> SI, los tenemos y ya los hemos realizados con otros grupos con resultados exitosos. De todos modos, nos alegramos de recibir nuevas propuestas e ideas de nuestros clientes. \u00a1Nos encanta realizar cosas nuevas!<\/p>\n                                    <\/div><!-- \/.inner -->\n                                <\/div>\n                            <\/div>\n\t\t\t\t\t\t\t                            <div class=\"accrodion \">\n                                <div class=\"accrodion-title\">\n                                    <h4>\u00bfCu\u00e1l es la capacidad m\u00e1xima de grupos que pueden asumir? <\/h4>\n                                <\/div>\n                                <div class=\"accrodion-content\">\n                                    <div class=\"inner\">\n                                        <p>No nos imponemos l\u00edmites. Hemos trabajado con grupos de hasta 2mil personas al un\u00edsono de manera exitosa. Nuestro equipo y la infraestructura tur\u00edstica de Cuba nos permiten trabajar grupos de todos los tama\u00f1os y caracter\u00edsticas.<\/p>\n                                    <\/div><!-- \/.inner -->\n                                <\/div>\n                            <\/div>\n\t\t\t\t\t\t\t                            <div class=\"accrodion \">\n                                <div class=\"accrodion-title\">\n                                    <h4>\u00bfTienen pre-dise\u00f1ados programas de Teambuilding? <\/h4>\n                                <\/div>\n                                <div class=\"accrodion-content\">\n                                    <div class=\"inner\">\n                                        <p>SI, los tenemos y ya los hemos realizados con otros grupos con resultados exitosos. De todos modos, nos alegramos de recibir nuevas propuestas e ideas de nuestros clientes. \u00a1Nos encanta realizar cosas nuevas!<\/p>\n                                    <\/div><!-- \/.inner -->\n                                <\/div>\n                            <\/div>\n\t\t\t\t\t\t\t                            <div class=\"accrodion \">\n                                <div class=\"accrodion-title\">\n                                    <h4>\u00bfIncluyen la decoraci\u00f3n especializada? <\/h4>\n                                <\/div>\n                                <div class=\"accrodion-content\">\n                                    <div class=\"inner\">\n                                        <p>Contratamos servicios de decoraci\u00f3n que pueden ajustarse a sus deseos y presupuesto.<\/p>\n                                    <\/div><!-- \/.inner -->\n                                <\/div>\n                            <\/div>\n\t\t\t\t\t\t\t                            <div class=\"accrodion \">\n                                <div class=\"accrodion-title\">\n                                    <h4>\u00bfHasta qu\u00e9 hora se puede hacer una fiesta en Cuba? <\/h4>\n                                <\/div>\n                                <div class=\"accrodion-content\">\n                                    <div class=\"inner\">\n                                        <p>Esto depende del lugar seleccionado. Generalmente en los hoteles, por ocupar espacios comunes, tienen una hora de terminaci\u00f3n cercana a la medianoche. En otros espacios privados, puede ser hasta m\u00e1s tarde.<\/p>\n                                    <\/div><!-- \/.inner -->\n                                <\/div>\n                            <\/div>\n\t\t\t\t\t\t\t                            <div class=\"accrodion \">\n                                <div class=\"accrodion-title\">\n                                    <h4>\u00bfLas fiestas o cenas se hacen con bar abierto? <\/h4>\n                                <\/div>\n                                <div class=\"accrodion-content\">\n                                    <div class=\"inner\">\n                                        <p>Las podemos organizar con servicio de bar abierto, si as\u00ed lo desea el cliente.<\/p>\n                                    <\/div><!-- \/.inner -->\n                                <\/div>\n                            <\/div>\n\t\t\t\t\t\t\t                            <div class=\"accrodion \">\n                                <div class=\"accrodion-title\">\n                                    <h4>\u00bfCon cu\u00e1nto tiempo de antelaci\u00f3n debo solicitar un servicio? <\/h4>\n                                <\/div>\n                                <div class=\"accrodion-content\">\n                                    <div class=\"inner\">\n                                        <p>El servicio debe solicitarse con al menos 24h de antelaci\u00f3n. Excepto en el caso de taxis y autos americanos, que puede solicitarse con 1h de antelaci\u00f3n.<\/p>\n                                    <\/div><!-- \/.inner -->\n                                <\/div>\n                            <\/div>\n\t\t\t\t\t\t\t\t\t\t\t\t\t<\/div>\n   \n\t\t\t\t<\/div>\n\t\t\t\t<\/div>\n\t\t\t\t\t\t<\/div>\n\t\t\t\t\t<\/div>\n\t\t<\/div>\n\t\t\t\t\t\t\t\t<\/div>\n\t\t\t\t\t<\/div>\n\t\t<\/section>\n\t\t\t\t\t\t\t\t\t<\/div>\n\t\t\t<\/div>\n\t\t\t\t\t<\/div>\n\t\t","protected":false},"excerpt":{"rendered":"<p>\u00bfEl internet est\u00e1 incluido en las tarifas del hotel? En Cuba el Internet a\u00fan no est\u00e1 incluido en el costo de todos los hoteles. Solo algunos hoteles 5* tienen incluido el Internet. En el resto, tiene un costo extra. \u00bfExisten habitaciones triples? La mayor\u00eda de los hoteles admiten hasta 3 personas en una habitaci\u00f3n. \u00bfTienen . . .<\/p>\n","protected":false},"author":1,"featured_media":3854,"parent":0,"menu_order":0,"comment_status":"closed","ping_status":"closed","template":"","meta":[],"_links":{"self":[{"href":"https:\/\/cubaforgroups.com\/en\/wp-json\/wp\/v2\/pages\/3853"}],"collection":[{"href":"https:\/\/cubaforgroups.com\/en\/wp-json\/wp\/v2\/pages"}],"about":[{"href":"https:\/\/cubaforgroups.com\/en\/wp-json\/wp\/v2\/types\/page"}],"author":[{"embeddable":true,"href":"https:\/\/cubaforgroups.com\/en\/wp-json\/wp\/v2\/users\/1"}],"replies":[{"embeddable":true,"href":"https:\/\/cubaforgroups.com\/en\/wp-json\/wp\/v2\/comments?post=3853"}],"version-history":[{"count":1,"href":"https:\/\/cubaforgroups.com\/en\/wp-json\/wp\/v2\/pages\/3853\/revisions"}],"predecessor-version":[{"id":3855,"href":"https:\/\/cubaforgroups.com\/en\/wp-json\/wp\/v2\/pages\/3853\/revisions\/3855"}],"wp:featuredmedia":[{"embeddable":true,"href":"https:\/\/cubaforgroups.com\/en\/wp-json\/wp\/v2\/media\/3854"}],"wp:attachment":[{"href":"https:\/\/cubaforgroups.com\/en\/wp-json\/wp\/v2\/media?parent=3853"}],"curies":[{"name":"wp","href":"https:\/\/api.w.org\/{rel}","templated":true}]}}